{"id":156502,"date":"2025-03-13T11:38:47","date_gmt":"2025-03-13T10:38:47","guid":{"rendered":"https:\/\/www.mecasoft.ch\/contact\/"},"modified":"2025-06-05T16:03:06","modified_gmt":"2025-06-05T14:03:06","slug":"contact","status":"publish","type":"page","link":"https:\/\/www.mecasoft.ch\/fr\/contact\/","title":{"rendered":"Contact"},"content":{"rendered":"<div class=\"wpb-content-wrapper\"><p>[vc_row unlock_row_content=&#8221;yes&#8221; row_height_percent=&#8221;85&#8243; override_padding=&#8221;yes&#8221; h_padding=&#8221;6&#8243; top_padding=&#8221;5&#8243; bottom_padding=&#8221;5&#8243; back_color=&#8221;color-439059&#8243; back_image=&#8221;154145&#8243; back_position=&#8221;center center&#8221; overlay_color=&#8221;color-577492&#8243; overlay_alpha=&#8221;100&#8243; overlay_color_blend=&#8221;multiply&#8221; overlay_animated=&#8221;yes&#8221; overlay_animated_1_color=&#8221;color-180741&#8243; overlay_animated_2_color=&#8221;color-174517&#8243; overlay_animated_size=&#8221;0.7&#8243; gutter_size=&#8221;3&#8243; column_width_use_pixel=&#8221;yes&#8221; shift_y=&#8221;0&#8243; z_index=&#8221;0&#8243; bottom_divider=&#8221;gradient&#8221; content_parallax=&#8221;3&#8243; uncode_shortcode_id=&#8221;496255&#8243; back_color_type=&#8221;uncode-palette&#8221; overlay_color_type=&#8221;uncode-palette&#8221; overlay_animated_1_color_type=&#8221;uncode-palette&#8221; overlay_animated_2_color_type=&#8221;uncode-palette&#8221;][vc_column column_width_percent=&#8221;100&#8243; position_vertical=&#8221;bottom&#8221; gutter_size=&#8221;4&#8243; style=&#8221;dark&#8221; overlay_alpha=&#8221;50&#8243; shift_x=&#8221;0&#8243; shift_y=&#8221;0&#8243; shift_y_down=&#8221;0&#8243; z_index=&#8221;0&#8243; medium_width=&#8221;0&#8243; mobile_width=&#8221;0&#8243; width=&#8221;1\/1&#8243; uncode_shortcode_id=&#8221;138994&#8243;][vc_row_inner limit_content=&#8221;&#8221;][vc_column_inner column_width_percent=&#8221;100&#8243; position_horizontal=&#8221;left&#8221; gutter_size=&#8221;3&#8243; style=&#8221;dark&#8221; overlay_alpha=&#8221;50&#8243; shift_x=&#8221;0&#8243; shift_y=&#8221;0&#8243; shift_y_down=&#8221;0&#8243; z_index=&#8221;0&#8243; medium_width=&#8221;0&#8243; mobile_width=&#8221;0&#8243; width=&#8221;1\/2&#8243; uncode_shortcode_id=&#8221;311432&#8243;][vc_custom_heading heading_semantic=&#8221;h1&#8243; text_font=&#8221;font-159548&#8243; text_size=&#8221;fontsize-108597&#8243; text_weight=&#8221;400&#8243; text_height=&#8221;fontheight-205223&#8243; css_animation=&#8221;curtain-words&#8221; animation_speed=&#8221;1000&#8243; interval_animation=&#8221;20&#8243; uncode_shortcode_id=&#8221;957299&#8243;]Prenez contact d\u00e8s maintenant et cr\u00e9ons ensemble pr\u00e9cision et valeur![\/vc_custom_heading][\/vc_column_inner][vc_column_inner column_width_percent=&#8221;100&#8243; gutter_size=&#8221;3&#8243; overlay_alpha=&#8221;50&#8243; shift_x=&#8221;0&#8243; shift_y=&#8221;0&#8243; shift_y_down=&#8221;0&#8243; z_index=&#8221;0&#8243; medium_visibility=&#8221;yes&#8221; medium_width=&#8221;0&#8243; mobile_visibility=&#8221;yes&#8221; mobile_width=&#8221;0&#8243; width=&#8221;1\/2&#8243; uncode_shortcode_id=&#8221;392231&#8243;][\/vc_column_inner][\/vc_row_inner][vc_empty_space empty_h=&#8221;2&#8243;][vc_row_inner row_inner_height_percent=&#8221;0&#8243; overlay_alpha=&#8221;50&#8243; equal_height=&#8221;yes&#8221; gutter_size=&#8221;3&#8243; shift_y=&#8221;0&#8243; z_index=&#8221;0&#8243; limit_content=&#8221;&#8221; uncode_shortcode_id=&#8221;436875&#8243; border_color_type=&#8221;uncode-solid&#8221; border_color_solid=&#8221;rgba(255,255,255,0.25)&#8221;][vc_column_inner column_width_percent=&#8221;100&#8243; position_vertical=&#8221;justify&#8221; gutter_size=&#8221;3&#8243; style=&#8221;dark&#8221; overlay_alpha=&#8221;50&#8243; shift_x=&#8221;0&#8243; shift_y=&#8221;0&#8243; shift_y_down=&#8221;0&#8243; z_index=&#8221;0&#8243; medium_width=&#8221;4&#8243; mobile_width=&#8221;0&#8243; width=&#8221;4\/12&#8243; uncode_shortcode_id=&#8221;160565&#8243;][vc_custom_heading text_size=&#8221;&#8221; text_weight=&#8221;300&#8243; css_animation=&#8221;curtain-words&#8221; animation_speed=&#8221;1000&#8243; animation_delay=&#8221;800&#8243; uncode_shortcode_id=&#8221;180876&#8243;]Contactez-nous et d\u00e9couvrez comment notre logiciel transforme l\u2019innovation en progr\u00e8s pour vos objectifs.[\/vc_custom_heading][\/vc_column_inner][vc_column_inner column_width_percent=&#8221;100&#8243; position_vertical=&#8221;justify&#8221; gutter_size=&#8221;3&#8243; style=&#8221;dark&#8221; overlay_alpha=&#8221;50&#8243; shift_x=&#8221;0&#8243; shift_y=&#8221;0&#8243; shift_y_down=&#8221;0&#8243; z_index=&#8221;0&#8243; medium_visibility=&#8221;yes&#8221; medium_width=&#8221;0&#8243; mobile_visibility=&#8221;yes&#8221; mobile_width=&#8221;0&#8243; width=&#8221;5\/12&#8243; uncode_shortcode_id=&#8221;536650&#8243;][\/vc_column_inner][vc_column_inner column_width_percent=&#8221;100&#8243; gutter_size=&#8221;3&#8243; style=&#8221;dark&#8221; overlay_alpha=&#8221;50&#8243; shift_x=&#8221;0&#8243; shift_y=&#8221;0&#8243; shift_y_down=&#8221;0&#8243; z_index=&#8221;0&#8243; medium_width=&#8221;4&#8243; mobile_width=&#8221;0&#8243; width=&#8221;3\/12&#8243; uncode_shortcode_id=&#8221;107912&#8243;][\/vc_column_inner][\/vc_row_inner][\/vc_column][\/vc_row][vc_row unlock_row_content=&#8221;yes&#8221; row_height_percent=&#8221;0&#8243; override_padding=&#8221;yes&#8221; h_padding=&#8221;6&#8243; top_padding=&#8221;5&#8243; bottom_padding=&#8221;5&#8243; overlay_alpha=&#8221;50&#8243; equal_height=&#8221;yes&#8221; gutter_size=&#8221;3&#8243; column_width_percent=&#8221;100&#8243; border_style=&#8221;solid&#8221; shift_y=&#8221;0&#8243; z_index=&#8221;0&#8243; content_parallax=&#8221;0&#8243; uncode_shortcode_id=&#8221;813787&#8243;][vc_column column_width_percent=&#8221;100&#8243; gutter_size=&#8221;2&#8243; override_padding=&#8221;yes&#8221; column_padding=&#8221;3&#8243; style=&#8221;light&#8221; back_color=&#8221;color-180562&#8243; overlay_alpha=&#8221;50&#8243; radius=&#8221;lg&#8221; shift_x=&#8221;0&#8243; shift_y=&#8221;0&#8243; shift_y_down=&#8221;0&#8243; z_index=&#8221;0&#8243; medium_width=&#8221;0&#8243; mobile_width=&#8221;0&#8243; css_animation=&#8221;bottom-t-top&#8221; animation_speed=&#8221;1200&#8243; width=&#8221;1\/3&#8243; uncode_shortcode_id=&#8221;822511&#8243; back_color_type=&#8221;uncode-palette&#8221; el_class=&#8221;mid-color&#8221;][vc_icon icon_image=&#8221;154436&#8243; media_size=&#8221;80&#8243; uncode_shortcode_id=&#8221;507103&#8243;][\/vc_icon][vc_empty_space empty_h=&#8221;3&#8243; medium_visibility=&#8221;yes&#8221; mobile_visibility=&#8221;yes&#8221;][vc_custom_heading text_size=&#8221;&#8221; text_weight=&#8221;500&#8243; uncode_shortcode_id=&#8221;108480&#8243;]Demandes g\u00e9n\u00e9rales[\/vc_custom_heading][vc_custom_heading heading_semantic=&#8221;p&#8221; text_size=&#8221;fontsize-531515&#8243; text_weight=&#8221;400&#8243; text_height=&#8221;fontheight-103947&#8243; uncode_shortcode_id=&#8221;193133&#8243;]Vous avez une question ou souhaitez en savoir plus ? Nous sommes l\u00e0 pour \u00e9changer, partager des id\u00e9es et discuter de la fa\u00e7on dont notre logiciel peut faire la diff\u00e9rence pour votre entreprise.[\/vc_custom_heading][\/vc_column][vc_column column_width_percent=&#8221;100&#8243; gutter_size=&#8221;2&#8243; override_padding=&#8221;yes&#8221; column_padding=&#8221;3&#8243; style=&#8221;light&#8221; back_color=&#8221;color-180562&#8243; overlay_alpha=&#8221;50&#8243; radius=&#8221;lg&#8221; shift_x=&#8221;0&#8243; shift_y=&#8221;0&#8243; shift_y_down=&#8221;0&#8243; z_index=&#8221;0&#8243; medium_width=&#8221;0&#8243; mobile_width=&#8221;0&#8243; css_animation=&#8221;bottom-t-top&#8221; animation_speed=&#8221;1200&#8243; animation_delay=&#8221;300&#8243; width=&#8221;1\/3&#8243; uncode_shortcode_id=&#8221;578962&#8243; back_color_type=&#8221;uncode-palette&#8221; el_class=&#8221;mid-color&#8221;][vc_icon icon_image=&#8221;154437&#8243; media_size=&#8221;80&#8243; uncode_shortcode_id=&#8221;109103&#8243;][\/vc_icon][vc_empty_space empty_h=&#8221;3&#8243; medium_visibility=&#8221;yes&#8221; mobile_visibility=&#8221;yes&#8221;][vc_custom_heading text_size=&#8221;&#8221; text_weight=&#8221;500&#8243; uncode_shortcode_id=&#8221;142389&#8243;]Assistance[\/vc_custom_heading][vc_custom_heading heading_semantic=&#8221;p&#8221; text_size=&#8221;fontsize-531515&#8243; text_weight=&#8221;400&#8243; text_height=&#8221;fontheight-103947&#8243; uncode_shortcode_id=&#8221;164532&#8243;]Notre \u00e9quipe d\u2019assistance est l\u00e0 pour vous aider \u00e0 tirer le meilleur parti de notre logiciel. Contactez-nous pour r\u00e9soudre rapidement les probl\u00e8mes et garantir des performances optimales.[\/vc_custom_heading][\/vc_column][vc_column column_width_percent=&#8221;100&#8243; gutter_size=&#8221;2&#8243; override_padding=&#8221;yes&#8221; column_padding=&#8221;3&#8243; style=&#8221;light&#8221; back_color=&#8221;color-180562&#8243; overlay_alpha=&#8221;50&#8243; radius=&#8221;lg&#8221; shift_x=&#8221;0&#8243; shift_y=&#8221;0&#8243; shift_y_down=&#8221;0&#8243; z_index=&#8221;0&#8243; medium_width=&#8221;0&#8243; mobile_width=&#8221;0&#8243; css_animation=&#8221;bottom-t-top&#8221; animation_speed=&#8221;1200&#8243; animation_delay=&#8221;600&#8243; width=&#8221;1\/3&#8243; uncode_shortcode_id=&#8221;852166&#8243; back_color_type=&#8221;uncode-palette&#8221; el_class=&#8221;mid-color&#8221;][vc_icon icon_image=&#8221;154438&#8243; media_size=&#8221;80&#8243; uncode_shortcode_id=&#8221;151657&#8243;][\/vc_icon][vc_empty_space empty_h=&#8221;3&#8243; medium_visibility=&#8221;yes&#8221; mobile_visibility=&#8221;yes&#8221;][vc_custom_heading text_size=&#8221;&#8221; text_weight=&#8221;500&#8243; uncode_shortcode_id=&#8221;715897&#8243;]Ventes et Commercial[\/vc_custom_heading][vc_custom_heading heading_semantic=&#8221;p&#8221; text_size=&#8221;fontsize-531515&#8243; text_weight=&#8221;400&#8243; text_height=&#8221;fontheight-103947&#8243; uncode_shortcode_id=&#8221;964815&#8243;]Contactez notre \u00e9quipe commerciale pour d\u00e9couvrir comment notre logiciel peut \u00eatre adapt\u00e9 \u00e0 vos besoins. Nous vous aiderons \u00e0 choisir la meilleure configuration et les options id\u00e9ales pour optimiser votre travail.[\/vc_custom_heading][\/vc_column][\/vc_row][vc_row unlock_row_content=&#8221;yes&#8221; row_height_percent=&#8221;0&#8243; override_padding=&#8221;yes&#8221; h_padding=&#8221;6&#8243; top_padding=&#8221;0&#8243; bottom_padding=&#8221;2&#8243; overlay_alpha=&#8221;50&#8243; gutter_size=&#8221;3&#8243; column_width_percent=&#8221;100&#8243; shift_y=&#8221;0&#8243; z_index=&#8221;0&#8243; content_parallax=&#8221;0&#8243; uncode_shortcode_id=&#8221;923280&#8243;][vc_column column_width_percent=&#8221;100&#8243; gutter_size=&#8221;4&#8243; overlay_alpha=&#8221;50&#8243; shift_x=&#8221;0&#8243; shift_y=&#8221;0&#8243; shift_y_down=&#8221;0&#8243; z_index=&#8221;0&#8243; medium_width=&#8221;0&#8243; mobile_width=&#8221;0&#8243; width=&#8221;1\/1&#8243; uncode_shortcode_id=&#8221;730276&#8243;][vc_row_inner row_inner_height_percent=&#8221;0&#8243; overlay_alpha=&#8221;50&#8243; gutter_size=&#8221;4&#8243; shift_y=&#8221;0&#8243; z_index=&#8221;0&#8243; limit_content=&#8221;&#8221; uncode_shortcode_id=&#8221;171078&#8243;][vc_column_inner column_width_percent=&#8221;100&#8243; gutter_size=&#8221;3&#8243; overlay_alpha=&#8221;50&#8243; shift_x=&#8221;0&#8243; shift_y=&#8221;0&#8243; shift_y_down=&#8221;0&#8243; z_index=&#8221;0&#8243; medium_width=&#8221;0&#8243; mobile_width=&#8221;0&#8243; width=&#8221;1\/1&#8243; uncode_shortcode_id=&#8221;105436&#8243;][vc_custom_heading text_color=&#8221;color-439059&#8243; text_size=&#8221;h4&#8243; text_weight=&#8221;500&#8243; badge_style=&#8221;yes&#8221; radius=&#8221;xl&#8221; css_animation=&#8221;single-curtain&#8221; animation_speed=&#8221;1200&#8243; animation_delay=&#8221;400&#8243; uncode_shortcode_id=&#8221;168486&#8243; text_color_type=&#8221;uncode-palette&#8221; back_color_type=&#8221;uncode-solid&#8221; back_color_solid=&#8221;#e7f0e7&#8243;]<span class=\"text-accent-color\">\u25cf<\/span> Contact[\/vc_custom_heading][vc_separator sep_color=&#8221;&#8221; uncode_shortcode_id=&#8221;473947&#8243;][\/vc_column_inner][\/vc_row_inner][\/vc_column][\/vc_row][vc_row unlock_row_content=&#8221;yes&#8221; row_height_percent=&#8221;0&#8243; override_padding=&#8221;yes&#8221; h_padding=&#8221;6&#8243; top_padding=&#8221;0&#8243; bottom_padding=&#8221;5&#8243; overlay_alpha=&#8221;50&#8243; gutter_size=&#8221;5&#8243; column_width_percent=&#8221;100&#8243; shift_y=&#8221;0&#8243; z_index=&#8221;0&#8243; content_parallax=&#8221;0&#8243; uncode_shortcode_id=&#8221;759227&#8243;][vc_column column_width_percent=&#8221;100&#8243; gutter_size=&#8221;4&#8243; overlay_alpha=&#8221;50&#8243; shift_x=&#8221;0&#8243; shift_y=&#8221;0&#8243; shift_y_down=&#8221;0&#8243; z_index=&#8221;0&#8243; medium_width=&#8221;0&#8243; mobile_width=&#8221;0&#8243; width=&#8221;1\/2&#8243; uncode_shortcode_id=&#8221;133233&#8243;][vc_row_inner row_inner_height_percent=&#8221;0&#8243; overlay_alpha=&#8221;50&#8243; gutter_size=&#8221;4&#8243; shift_y=&#8221;0&#8243; z_index=&#8221;0&#8243; limit_content=&#8221;&#8221; uncode_shortcode_id=&#8221;172217&#8243;][vc_column_inner column_width_percent=&#8221;100&#8243; gutter_size=&#8221;2&#8243; overlay_alpha=&#8221;50&#8243; shift_x=&#8221;0&#8243; shift_y=&#8221;0&#8243; shift_y_down=&#8221;0&#8243; z_index=&#8221;0&#8243; medium_width=&#8221;0&#8243; mobile_width=&#8221;0&#8243; width=&#8221;1\/2&#8243; uncode_shortcode_id=&#8221;575648&#8243;][vc_custom_heading text_size=&#8221;&#8221; text_weight=&#8221;500&#8243; uncode_shortcode_id=&#8221;997291&#8243;]Si\u00e8ge principal[\/vc_custom_heading][vc_column_text uncode_shortcode_id=&#8221;877756&#8243;]<strong>Mecasoft SA<\/strong><br \/>\nVia B. Luini 12a<br \/>\n6600 Locarno<br \/>\nSwitzerland[\/vc_column_text][vc_empty_space][vc_custom_heading text_size=&#8221;&#8221; text_weight=&#8221;500&#8243; uncode_shortcode_id=&#8221;101288&#8243;]Telephone[\/vc_custom_heading][vc_column_text uncode_shortcode_id=&#8221;236988&#8243;]+41 91 759 10 60[\/vc_column_text][\/vc_column_inner][vc_column_inner column_width_percent=&#8221;100&#8243; gutter_size=&#8221;2&#8243; overlay_alpha=&#8221;50&#8243; shift_x=&#8221;0&#8243; shift_y=&#8221;0&#8243; shift_y_down=&#8221;0&#8243; z_index=&#8221;0&#8243; medium_width=&#8221;0&#8243; mobile_width=&#8221;0&#8243; width=&#8221;1\/2&#8243; uncode_shortcode_id=&#8221;167851&#8243;][vc_custom_heading text_size=&#8221;&#8221; text_weight=&#8221;500&#8243; uncode_shortcode_id=&#8221;108456&#8243;]Demandes g\u00e9n\u00e9rales[\/vc_custom_heading][vc_custom_heading text_size=&#8221;&#8221; text_weight=&#8221;500&#8243; uncode_shortcode_id=&#8221;162027&#8243;]Email[\/vc_custom_heading][vc_button size=&#8221;link&#8221; btn_link_underline=&#8221;btn-underline-in&#8221; uncode_shortcode_id=&#8221;130082&#8243; link=&#8221;url:mailto%3Asales%40mecasoft.ch&#8221;]sales@mecasoft.ch[\/vc_button][vc_empty_space empty_h=&#8221;3&#8243; desktop_visibility=&#8221;yes&#8221; medium_visibility=&#8221;yes&#8221;][\/vc_column_inner][\/vc_row_inner][\/vc_column][vc_column column_width_percent=&#8221;100&#8243; gutter_size=&#8221;3&#8243; back_color=&#8221;color-180562&#8243; overlay_alpha=&#8221;50&#8243; radius=&#8221;lg&#8221; shift_x=&#8221;0&#8243; shift_y=&#8221;0&#8243; shift_y_down=&#8221;0&#8243; z_index=&#8221;0&#8243; medium_width=&#8221;0&#8243; mobile_width=&#8221;0&#8243; width=&#8221;1\/2&#8243; uncode_shortcode_id=&#8221;183108&#8243; el_class=&#8221;form-large&#8221; back_color_type=&#8221;uncode-palette&#8221;][vc_row_inner row_inner_height_percent=&#8221;0&#8243; overlay_alpha=&#8221;50&#8243; gutter_size=&#8221;4&#8243; shift_y=&#8221;0&#8243; z_index=&#8221;0&#8243; limit_content=&#8221;&#8221; uncode_shortcode_id=&#8221;172217&#8243;][vc_column_inner column_width_percent=&#8221;100&#8243; gutter_size=&#8221;2&#8243; overlay_alpha=&#8221;50&#8243; shift_x=&#8221;0&#8243; shift_y=&#8221;0&#8243; shift_y_down=&#8221;0&#8243; z_index=&#8221;0&#8243; medium_width=&#8221;0&#8243; mobile_width=&#8221;0&#8243; width=&#8221;1\/2&#8243; uncode_shortcode_id=&#8221;575648&#8243;][vc_icon position=&#8221;left&#8221; space_reduced=&#8221;yes&#8221; display=&#8221;inline&#8221; icon_image=&#8221;154437&#8243; media_size=&#8221;38&#8243; uncode_shortcode_id=&#8221;835808&#8243; title=&#8221;Assistance&#8221;][\/vc_icon][vc_empty_space][vc_custom_heading heading_semantic=&#8221;h3&#8243; text_size=&#8221;&#8221; text_weight=&#8221;500&#8243; uncode_shortcode_id=&#8221;808201&#8243;]<strong data-start=\"49\" data-end=\"62\">T\u00e9l\u00e9phone<\/strong>[\/vc_custom_heading][vc_column_text uncode_shortcode_id=&#8221;236988&#8243;]+41 91 759 10 60[\/vc_column_text][vc_custom_heading heading_semantic=&#8221;h3&#8243; text_size=&#8221;&#8221; text_weight=&#8221;500&#8243; uncode_shortcode_id=&#8221;968119&#8243;]Email[\/vc_custom_heading][vc_button size=&#8221;link&#8221; btn_link_underline=&#8221;btn-underline-in&#8221; uncode_shortcode_id=&#8221;162574&#8243; link=&#8221;url:mailto%3Asupport%40mecasoft.ch&#8221;]support@mecasoft.ch[\/vc_button][\/vc_column_inner][vc_column_inner column_width_percent=&#8221;100&#8243; gutter_size=&#8221;2&#8243; overlay_alpha=&#8221;50&#8243; shift_x=&#8221;0&#8243; shift_y=&#8221;0&#8243; shift_y_down=&#8221;0&#8243; z_index=&#8221;0&#8243; medium_width=&#8221;0&#8243; mobile_width=&#8221;0&#8243; width=&#8221;1\/2&#8243; uncode_shortcode_id=&#8221;167851&#8243;][vc_icon position=&#8221;left&#8221; space_reduced=&#8221;yes&#8221; display=&#8221;inline&#8221; icon_image=&#8221;154438&#8243; media_size=&#8221;38&#8243; uncode_shortcode_id=&#8221;181197&#8243; title=&#8221;Ventes et Commercial&#8221;][\/vc_icon][vc_empty_space][vc_custom_heading heading_semantic=&#8221;h3&#8243; text_size=&#8221;&#8221; text_weight=&#8221;500&#8243; uncode_shortcode_id=&#8221;156402&#8243;]T\u00e9l\u00e9phone[\/vc_custom_heading][vc_column_text uncode_shortcode_id=&#8221;236988&#8243;]+41 91 759 10 60[\/vc_column_text][vc_custom_heading heading_semantic=&#8221;h3&#8243; text_size=&#8221;&#8221; text_weight=&#8221;500&#8243; uncode_shortcode_id=&#8221;236129&#8243;]Email[\/vc_custom_heading][vc_button size=&#8221;link&#8221; btn_link_underline=&#8221;btn-underline-in&#8221; uncode_shortcode_id=&#8221;237495&#8243; link=&#8221;url:mailto%3Asales%40mecasoft.ch&#8221;]sales@mecasoft.ch[\/vc_button][\/vc_column_inner][\/vc_row_inner][\/vc_column][\/vc_row][vc_row][vc_column width=&#8221;1\/1&#8243;][\/vc_column][\/vc_row]<\/p>\n<\/div>","protected":false},"excerpt":{"rendered":"<p>[vc_row unlock_row_content=&#8221;yes&#8221; row_height_percent=&#8221;85&#8243; override_padding=&#8221;yes&#8221; h_padding=&#8221;6&#8243; top_padding=&#8221;5&#8243; bottom_padding=&#8221;5&#8243; back_color=&#8221;color-439059&#8243; back_image=&#8221;154145&#8243; back_position=&#8221;center center&#8221; overlay_color=&#8221;color-577492&#8243; overlay_alpha=&#8221;100&#8243; overlay_color_blend=&#8221;multiply&#8221; overlay_animated=&#8221;yes&#8221; overlay_animated_1_color=&#8221;color-180741&#8243; overlay_animated_2_color=&#8221;color-174517&#8243; overlay_animated_size=&#8221;0.7&#8243; gutter_size=&#8221;3&#8243; column_width_use_pixel=&#8221;yes&#8221; [&hellip;]<\/p>\n","protected":false},"author":1,"featured_media":0,"parent":0,"menu_order":0,"comment_status":"closed","ping_status":"closed","template":"","meta":{"footnotes":""},"class_list":["post-156502","page","type-page","status-publish","hentry"],"_links":{"self":[{"href":"https:\/\/www.mecasoft.ch\/fr\/wp-json\/wp\/v2\/pages\/156502","targetHints":{"allow":["GET"]}}],"collection":[{"href":"https:\/\/www.mecasoft.ch\/fr\/wp-json\/wp\/v2\/pages"}],"about":[{"href":"https:\/\/www.mecasoft.ch\/fr\/wp-json\/wp\/v2\/types\/page"}],"author":[{"embeddable":true,"href":"https:\/\/www.mecasoft.ch\/fr\/wp-json\/wp\/v2\/users\/1"}],"replies":[{"embeddable":true,"href":"https:\/\/www.mecasoft.ch\/fr\/wp-json\/wp\/v2\/comments?post=156502"}],"version-history":[{"count":9,"href":"https:\/\/www.mecasoft.ch\/fr\/wp-json\/wp\/v2\/pages\/156502\/revisions"}],"predecessor-version":[{"id":156512,"href":"https:\/\/www.mecasoft.ch\/fr\/wp-json\/wp\/v2\/pages\/156502\/revisions\/156512"}],"wp:attachment":[{"href":"https:\/\/www.mecasoft.ch\/fr\/wp-json\/wp\/v2\/media?parent=156502"}],"curies":[{"name":"wp","href":"https:\/\/api.w.org\/{rel}","templated":true}]}}