{"id":156562,"date":"2023-12-11T14:23:02","date_gmt":"2023-12-11T13:23:02","guid":{"rendered":"https:\/\/www.mecasoft.ch\/privacy-policy\/"},"modified":"2025-06-06T16:07:23","modified_gmt":"2025-06-06T14:07:23","slug":"privacy-policy","status":"publish","type":"page","link":"https:\/\/www.mecasoft.ch\/it\/privacy-policy\/","title":{"rendered":"Privacy Policy"},"content":{"rendered":"<div class=\"wpb-content-wrapper\"><p>[vc_row row_height_percent=&#8221;0&#8243; override_padding=&#8221;yes&#8221; h_padding=&#8221;2&#8243; top_padding=&#8221;4&#8243; bottom_padding=&#8221;4&#8243; overlay_alpha=&#8221;50&#8243; gutter_size=&#8221;3&#8243; column_width_percent=&#8221;100&#8243; shift_y=&#8221;0&#8243; z_index=&#8221;0&#8243; inverted_device_order=&#8221;yes&#8221; content_parallax=&#8221;0&#8243; uncode_shortcode_id=&#8221;122635&#8243;][vc_column width=&#8221;2\/3&#8243;][vc_empty_space empty_h=&#8221;2&#8243; desktop_visibility=&#8221;yes&#8221;][vc_custom_heading text_size=&#8221;fontsize-104866&#8243; uncode_shortcode_id=&#8221;716455&#8243;]Informativa sulla privacy e basi legali[\/vc_custom_heading][vc_column_text text_lead=&#8221;small&#8221; uncode_shortcode_id=&#8221;159394&#8243;]<\/p>\n<h3>1. Chi siamo<\/h3>\n<p>Il titolare del trattamento dei vostri dati personali \u00e8<br \/>\nMecasoft SA<\/p>\n<p>Potete porci qualsiasi domanda relativa alla protezione dei dati utilizzando i seguenti recapiti:<br \/>\nVia B. Luini 12a &#8211; 6600 Locarno[\/vc_column_text][vc_column_text text_lead=&#8221;small&#8221; uncode_shortcode_id=&#8221;205211&#8243;]<\/p>\n<h3>2. Dati personali e trattamento dati personali<\/h3>\n<p>Dati personali che trattiamo su di voi comprendono:<\/p>\n<ul>\n<li>informazioni di contatto quali ad es. nome, indirizzo postale, indirizzo e-mail o numero di telefono;<\/li>\n<li>la vostra posizione o titolo; nonch\u00e9 altre informazioni di base;<\/li>\n<li>dati personali quali ad es. genere, compleanno ed et\u00e0, stato civile o nazionalit\u00e0;<\/li>\n<li>registrazioni relative alle vostre visite a siti web e al vostro utilizzo di app. informazioni finanziarie (ad es. informazioni relative ai pagamenti);<\/li>\n<li>le informazioni forniteci per la partecipazione a riunioni, seminari ed eventi;<\/li>\n<li>qualsiasi altra informazione relativa a voi che possiate fornirci destinate ad organizzare e pianificare le nostre attivit\u00e0<\/li>\n<\/ul>\n<p>Per \u201ctrattamento\u201d (o \u201celaborazione\u201d) si intende pertanto qualsiasi lavorazione dei vostri dati personali, come ad esempio:<\/p>\n<ul>\n<li>il rilevamento e la conservazione;<\/li>\n<li>l\u2019aggiornamento e la modifica;<\/li>\n<li>l\u2019utilizzo e l\u2019impiego;<\/li>\n<li>il collegamento con altri dati;<\/li>\n<li>la trasmissione;<\/li>\n<li>la cancellazione e la distruzione dei dati.<\/li>\n<\/ul>\n<p>Raccogliamo queste informazioni quando interagite con noi, quando comunicate con il nostro personale, visitate il nostro sito web, vi iscrivete per ricevere informazioni via e-mail o partecipate a qualsiasi tipo di evento dove dati vengono condivisi. Possiamo raccogliere dati personali da altre fonti, ad es. per tenere aggiornate le vostre informazioni utilizzando fonti pubblicamente accessibili (come il registro di associazioni, registro di commercio, stampa, internet), oppure possiamo ricevere tali informazioni direttamente da voi o dai vostri dipendenti, dalle autorit\u00e0 o altre terze parti.<\/p>\n<h3>3. A che scopo trattiamo dati personali<\/h3>\n<ul>\n<li>per comunicare con voi;<\/li>\n<li>per l\u2019archiviazione e altri scopi amministrativi;<\/li>\n<li>per analizzare le vostre richieste e necessit\u00e0 con lo scopo di fornire servizi o prestazioni inerenti la nostra attivit\u00e0 sia a scopo commerciale e non;<\/li>\n<li>per amministrare e gestire le nostre risorse informatiche e le altre risorse;<\/li>\n<li>per inviare informazioni specifiche ai gruppi di destinatari attraverso i canali elettronici (a condizione che l\u2019utente non si sia opposto a ricevere tali informazioni);<\/li>\n<li>per collaborare con altre aziende, gruppi o associazioni a scopo collaborativo, esecutivo, commerciale o altro\u2026<\/li>\n<\/ul>\n<h3>4. A chi trasmettiamo i vostri dati personali?<\/h3>\n<p>I dati personali sono trattati in modo confidenziale. I nostri collaboratori hanno accesso ai vostri dati personali nella misura necessaria agli scopi descritti e alla loro attivit\u00e0 presso noi.<br \/>\nTra questi vi sono i collaboratori dei settori di supporto, come ad es. l\u2019IT, della contabilit\u00e0 e amministrazione. Essi sono obbligati a mantenere la riservatezza nel trattamento dei dati personali. Possiamo inoltre trasmettere i vostri dati personali a operatori terzi di cui utilizziamo le prestazioni.<\/p>\n<h3>5. Come elaboriamo i dati personali in relazione a siti web e applicazioni?<\/h3>\n<p>Quando consultate il nostro sito web e\/o utilizzate le nostre app, trattiamo i vostri dati personali (specificato precedentemente nell\u2019informativa) per mettere a disposizione il sito web o le app, garantire la sicurezza informatica e migliorare la fruibilit\u00e0 per gli utenti. Inoltre, utilizziamo cookie (file che vengono memorizzati sul vostro dispositivo) e tecnologie simili quando visitate il nostro sito web o utilizzate le nostre app. Alcuni cookie sono necessari al corretto funzionamento del sito web, mentre altri sono utilizzati per memorizzare alcune impostazioni (ad es. la localit\u00e0 per la lingua del sito) per una consultazione successiva, per elaborare statistiche anonime sull\u2019utilizzo del nostro sito e per personalizzare determinati contenuti sul nostro sito.<\/p>\n<p>L\u2019hosting del nostro sito web raccoglie e memorizza automaticamente, per un periodo di tempo limitato, dati di log e informazioni sul dispositivo quando accedete e utilizzate il nostro sito web. Tali informazioni includono, dettagli sull&#8217;utilizzo del nostro sito web, l&#8217;indirizzo IP, le date e gli orari di accesso, le pagine web visitate prima di arrivare sul nostro sito web, le pagine web visualizzate durante la navigazione sul nostro sito web, il browser utilizzato, le informazioni sull&#8217;hardware e sul software, le informazioni sul vostro dispositivo e informazioni simili. Utilizziamo questi dati per gestire, mantenere, proteggere e migliorare il nostro sito web; il nostro fornitore di hosting del sito web analizza i dati in forma anonimizzata.<\/p>\n<h3>5.1 Cookies di terzi<\/h3>\n<p>Il nostro sito web pu\u00f2 fornire file di caratteri e visualizza i caratteri utilizzando Google Fonts e\/o Adobe Fonts. Per mostrarvi correttamente questo sito, queste terze parti potrebbero ricevere informazioni personali su di voi, tra cui: informazioni sul browser, sulla rete o sul dispositivo; informazioni su questo sito e sulla pagina che si sta visualizzando; l&#8217;indirizzo IP.<\/p>\n<p>Applicazioni esterne utilizzano cookie di fornitori terzi affinch\u00e9 possano rilevare i dati necessari per l\u2019erogazione delle loro prestazioni. Non trasmettiamo dati personali a questi fornitori.<\/p>\n<p>Un esempio di servizio di analisi \u00e8 Google Analytics di Google LLC negli Stati Uniti e Google Ireland Limited in Irlanda (insieme \u201cGoogle\u201d). Google utilizza cookie per rilevare informazioni sul vostro utilizzo del nostro sito web o delle app e sul dispositivo utilizzato (tablet, PC, smartphone, ecc.), quali ad es. informazioni sul vostro browser, il sito web di provenienza, il nome del vostro provider, il vostro indirizzo IP, la data e l\u2019ora dell\u2019accesso al sito web, le pagine visitate e il tempo di permanenza, ed ev. le visite ad altri siti web e app. Sulla base di queste informazioni riceviamo analisi di Google. Google memorizza queste informazioni negli Stati Uniti; tuttavia il vostro indirizzo IP viene dapprima abbreviato nell\u2019UE, risp. nello SEE. Potete impedire l\u2019utilizzo di Google Analytics attraverso le preferenze della privacy o tramite un componente aggiuntivo del browser, che potete scaricare e installare all\u2019indirizzo https:\/\/tools.google.com\/dlpage\/gaoptout .<\/p>\n<p>I social media come Facebook o Instagram utilizzano i cookie per raccogliere informazioni come il numero di persone o i dati demografici degli utenti che visualizzano o commentano i post sulle nostre pagine aziendali. \u00c8 possibile che noi riceviamo valutazioni da questi social media che contengono solo dati aggregati o comunque sufficientemente anonimizzati. Utilizziamo tali informazioni per sviluppare ulteriormente i nostri contenuti e servizi offerti sulla rispettiva pagina del social media in modo che possano essere di maggiore interesse per gli utenti. La raccolta e l&#8217;elaborazione dei dati personali in relazione ai servizi di analisi dei social media \u00e8 principalmente responsabilit\u00e0 di questi social media in quanto societ\u00e0 che forniscono i servizi di analisi.<\/p>\n<p>\u00c8 possibile che utilizziamo plug-in per i social media, riconoscibili dal logo posto su contenuti selezionati del nostro sito web. I plug-in facilitano la raccomandazione e la condivisione dei contenuti selezionati del nostro sito web su piattaforme di social media come LinkedIn, Xing, Twitter, Instagram e Facebook. Se interagite con tali piattaforme di social media, le relative informazioni saranno inoltrate e la vostra visita sar\u00e0 riconosciuta da tali piattaforme.<\/p>\n<h3>6. Per quanto tempo conserviamo i vostri dati personali<\/h3>\n<p>Conserviamo i vostri dati personali per tutto il tempo necessario a raggiungere gli scopi per cui sono stati raccolti e per tutto il tempo in cui abbiamo un interesse legittimo a conservarli, ad es. per far valere o difendersi da violazioni di diritto d\u2019autore o di necessit\u00e0 di archiviazione e coservazione. Conserviamo inoltre i vostri dati personali per tutto il tempo in cui sono soggetti a un obbligo legale di conservazione.<\/p>\n<h3>7. Sicurezza dei dati<\/h3>\n<p>Utilizziamo misure tecniche e organizzative adeguate per proteggere i vostri dati personali dall&#8217;accesso, dall&#8217;uso, dalla perdita, dall&#8217;alterazione o dalla distruzione non autorizzati. Il nostro sito web utilizza il metodo di crittografia SSL.<\/p>\n<h3>8. Quando forniamo i vostri dati personali all\u2019estero?<\/h3>\n<p>I destinatari dei vostri dati personali possono trovarsi anche all\u2019estero, come al di fuori dell\u2019Unione europea o dello Spazio economico europeo. I rispettivi paesi potrebbero non avere leggi che proteggono i vostri dati personali nella stessa misura della Svizzera, dell\u2019UE o dello SEE. Se trasferiamo dati personali in uno di questi paesi, adottiamo i provvedimenti necessari per proteggerli.<\/p>\n<h3>9. Di quali diritti usufruite in relazione al trattamento dei vostri dati personali?<\/h3>\n<p>Potete opporvi all\u2019elaborazione dei dati in qualsiasi momento. Nell\u2019ambito del quadro legale a voi applicabile, avete inoltre il diritto di accedere, rettificare, cancellare e limitare il trattamento dei dati, opporvi alla nostra elaborazione dei dati e di ricevere gratuitamente da noi i dati personali che ci avete fornito in un formato leggibile. Avete anche il diritto di revocare il vostro consenso senza che ci\u00f2 incida sulla legalit\u00e0 del trattamento dei dati effettuato fino alla revoca. Inoltre, potete presentare un reclamo all\u2019autorit\u00e0 competente per la protezione dei dati.[\/vc_column_text][vc_column_text text_lead=&#8221;small&#8221; uncode_shortcode_id=&#8221;372602&#8243;]<\/p>\n<h3>10. Aspetti Legali<\/h3>\n<p>Nonostante Mecasoft SA presti grande attenzione alla correttezza delle informazioni pubblicate, non \u00e8 possibile garantirne l\u2019esattezza dei contenuti, la precisione, l\u2019attualit\u00e0, l\u2019affidabilit\u00e0 e la completezza di tali informazioni. Rivendicazioni di responsabilit\u00e0 nei confronti di Mecasoft SA per danni materiali o immateriali derivanti dall\u2019accesso, dall\u2019utilizzo o dal mancato uso delle informazioni pubblicate, dall\u2019abuso del collegamento, da guasti tecnici o da manomissione da parte di terzi non autorizzati, sono escluse nella misura consentita dalla legge.<\/p>\n<p>Rimandi e collegamenti a siti web di terzi non rientrano nella sfera di responsabilit\u00e0 di Mecasoft SA. L\u2019utente consulta e utilizza queste pagine web a proprio rischio. Mecasoft SA dichiara espressamente di non avere alcuna influenza sulla forma, il contenuto e le offerte delle pagine collegate. Le informazioni e le prestazioni offerte da queste pagine web sono interamente di responsabilit\u00e0 dei loro autori. Mecasoft SA declina ogni responsabilit\u00e0 per queste pagine web.<\/p>\n<h3>11. Diritti d\u2019autore e diritti d\u2019uso<\/h3>\n<p>I diritti d\u2019autore e tutti gli altri diritti vincolati a questo sito web e ai suoi contenuti come fotografie, grafici, filmati, testi e rappresentazioni (i \u201ccontenuti\u201d) sono di propriet\u00e0 esclusiva di Mecasoft SA, rispettivamente dei loro detentori espressamente menzionati.<\/p>\n<p>I contenuti pubblicati da Mecasoft SA su questo sito web e nelle app possono essere utilizzati unicamente ad uso proprio e personale. Non \u00e8 ammesso riprodurre e trasmettere i contenuti a terzi. Lo scaricamento o la copia dei contenuti, immagini, fotografie o altri contenuti non implicano il trasferimento di alcun diritto.<\/p>\n<p>Non \u00e8 permesso utilizzare le prestazioni messe a disposizione elettronicamente da Mecasoft SA in maniera tale da pregiudicare, sovraccaricare o danneggiare l\u2019infrastruttura dei host di Mecasoft SA, oppure ostacolare l\u2019utilizzo della piattaforma web o delle app ad altri utenti. In particolare \u00e8 espressamente vietato scaricare o elaborare dati del sito web utilizzando web robot (crawler) o altri procedimenti automatizzati.[\/vc_column_text][vc_column_text text_lead=&#8221;small&#8221; uncode_shortcode_id=&#8221;629818&#8243;]<\/p>\n<h3>12. Modifiche a questa informativa sulla privacy e basi legali<\/h3>\n<p>Ci riserviamo il diritto di modificare la presente informativa sulla privacy e basi legali in qualsiasi momento e senza preavviso. Si applica la versione attuale pubblicata sul nostro sito web.[\/vc_column_text][\/vc_column][vc_column column_width_percent=&#8221;100&#8243; gutter_size=&#8221;3&#8243; override_padding=&#8221;yes&#8221; column_padding=&#8221;2&#8243; overlay_color=&#8221;color-gyho&#8221; overlay_alpha=&#8221;50&#8243; radius=&#8221;std&#8221; shift_x=&#8221;0&#8243; shift_y=&#8221;0&#8243; shift_y_down=&#8221;0&#8243; z_index=&#8221;0&#8243; medium_width=&#8221;0&#8243; mobile_width=&#8221;0&#8243; width=&#8221;1\/3&#8243; uncode_shortcode_id=&#8221;183679&#8243; overlay_color_type=&#8221;uncode-palette&#8221;][vc_column_text uncode_shortcode_id=&#8221;151800&#8243;]<\/p>\n<h3>Modifica preferenze Cookies<\/h3>\n<p>&nbsp;<\/p>\n<p><a href=\"#\" class=\"gdpr-preferences \">Personalizza le preferenze<\/a>[\/vc_column_text][\/vc_column][\/vc_row]<\/p>\n<\/div>","protected":false},"excerpt":{"rendered":"<p>[vc_row row_height_percent=&#8221;0&#8243; override_padding=&#8221;yes&#8221; h_padding=&#8221;2&#8243; top_padding=&#8221;4&#8243; bottom_padding=&#8221;4&#8243; overlay_alpha=&#8221;50&#8243; gutter_size=&#8221;3&#8243; column_width_percent=&#8221;100&#8243; shift_y=&#8221;0&#8243; z_index=&#8221;0&#8243; inverted_device_order=&#8221;yes&#8221; content_parallax=&#8221;0&#8243; uncode_shortcode_id=&#8221;122635&#8243;][vc_column width=&#8221;2\/3&#8243;][vc_empty_space empty_h=&#8221;2&#8243; desktop_visibility=&#8221;yes&#8221;][vc_custom_heading text_size=&#8221;fontsize-104866&#8243; uncode_shortcode_id=&#8221;716455&#8243;]Informativa sulla [&hellip;]<\/p>\n","protected":false},"author":1,"featured_media":0,"parent":0,"menu_order":0,"comment_status":"closed","ping_status":"open","template":"","meta":{"footnotes":""},"class_list":["post-156562","page","type-page","status-publish","hentry"],"_links":{"self":[{"href":"https:\/\/www.mecasoft.ch\/it\/wp-json\/wp\/v2\/pages\/156562","targetHints":{"allow":["GET"]}}],"collection":[{"href":"https:\/\/www.mecasoft.ch\/it\/wp-json\/wp\/v2\/pages"}],"about":[{"href":"https:\/\/www.mecasoft.ch\/it\/wp-json\/wp\/v2\/types\/page"}],"author":[{"embeddable":true,"href":"https:\/\/www.mecasoft.ch\/it\/wp-json\/wp\/v2\/users\/1"}],"replies":[{"embeddable":true,"href":"https:\/\/www.mecasoft.ch\/it\/wp-json\/wp\/v2\/comments?post=156562"}],"version-history":[{"count":2,"href":"https:\/\/www.mecasoft.ch\/it\/wp-json\/wp\/v2\/pages\/156562\/revisions"}],"predecessor-version":[{"id":156564,"href":"https:\/\/www.mecasoft.ch\/it\/wp-json\/wp\/v2\/pages\/156562\/revisions\/156564"}],"wp:attachment":[{"href":"https:\/\/www.mecasoft.ch\/it\/wp-json\/wp\/v2\/media?parent=156562"}],"curies":[{"name":"wp","href":"https:\/\/api.w.org\/{rel}","templated":true}]}}